{"id":3279,"date":"2024-05-15T15:03:25","date_gmt":"2024-05-15T14:03:25","guid":{"rendered":"https:\/\/beyond-panel.com\/producto\/ripa-carvalho-rustico\/"},"modified":"2024-10-16T12:39:29","modified_gmt":"2024-10-16T11:39:29","slug":"ripa-carvalho-rustico","status":"publish","type":"product","link":"https:\/\/beyond-panel.com\/pt-pt\/product\/ripa-carvalho-rustico\/","title":{"rendered":"Faixa de pain\u00e9is ac\u00fasticos (carvalho r\u00fastico)"},"content":{"rendered":"\t\t<div data-elementor-type=\"product-post\" data-elementor-id=\"3279\" class=\"elementor elementor-3279 elementor-1558\" data-elementor-post-type=\"product\">\n\t\t\t\t<div class=\"elementor-element elementor-element-8956604 e-flex e-con-boxed e-con e-parent\" data-id=\"8956604\" data-element_type=\"container\">\n\t\t\t\t\t<div class=\"e-con-inner\">\n\t\t\t\t<div class=\"elementor-element elementor-element-d4835ae elementor-widget elementor-widget-text-editor\" data-id=\"d4835ae\" data-element_type=\"widget\" data-widget_type=\"text-editor.default\">\n\t\t\t\t<div class=\"elementor-widget-container\">\n\t\t\t\t\t\t\t\t\t<p>A barra com acabamento em Carvalho R\u00fastico \u00e9 a solu\u00e7\u00e3o perfeita para dar um belo acabamento aos teus Akupanels. Esta fita de extremidade foi especialmente concebida para tornar invis\u00edvel a parte lateral do Akupanel e dar \u00e0 tua sala um aspeto elegante e profissional. A calha de extremidade \u00e9 feita de material de alta qualidade e tem um aspeto cl\u00e1ssico de carvalho que combina com qualquer interior. Al\u00e9m disso, a fita de extremidade \u00e9 f\u00e1cil de instalar e adapta-se perfeitamente aos teus akupanels. Em suma, com o remate Rustic Oak, completa a sua solu\u00e7\u00e3o ac\u00fastica e d\u00e1 um belo acabamento \u00e0 sua sala.<\/p>\n\t\t\t\t\t\t\t\t<\/div>\n\t\t\t\t<\/div>\n\t\t\t\t\t<\/div>\n\t\t\t\t<\/div>\n\t\t<div class=\"elementor-element elementor-element-3d1c95b e-flex e-con-boxed e-con e-parent\" data-id=\"3d1c95b\" data-element_type=\"container\">\n\t\t\t\t\t<div class=\"e-con-inner\">\n\t\t\t\t<div class=\"elementor-element elementor-element-6e059a8 elementor-widget elementor-widget-spacer\" data-id=\"6e059a8\" data-element_type=\"widget\" data-widget_type=\"spacer.default\">\n\t\t\t\t<div class=\"elementor-widget-container\">\n\t\t\t\t\t\t\t<div class=\"elementor-spacer\">\n\t\t\t<div class=\"elementor-spacer-inner\"><\/div>\n\t\t<\/div>\n\t\t\t\t\t\t<\/div>\n\t\t\t\t<\/div>\n\t\t\t\t\t<\/div>\n\t\t\t\t<\/div>\n\t\t<div class=\"elementor-element elementor-element-190bc11 e-flex e-con-boxed e-con e-child\" data-id=\"190bc11\" data-element_type=\"container\" data-settings=\"{&quot;background_background&quot;:&quot;classic&quot;}\">\n\t\t\t\t\t<div class=\"e-con-inner\">\n\t\t<div class=\"elementor-element elementor-element-4a66f29 e-con-full e-flex e-con e-child\" data-id=\"4a66f29\" data-element_type=\"container\">\n\t\t\t\t<div class=\"elementor-element elementor-element-f54fef4 elementor-widget elementor-widget-heading\" data-id=\"f54fef4\" data-element_type=\"widget\" data-widget_type=\"heading.default\">\n\t\t\t\t<div class=\"elementor-widget-container\">\n\t\t\t\t\t<h3 class=\"elementor-heading-title elementor-size-default\">Especifica\u00e7\u00f5es<\/h3>\t\t\t\t<\/div>\n\t\t\t\t<\/div>\n\t\t\t\t<div class=\"elementor-element elementor-element-ba0a754 elementor-widget elementor-widget-text-editor\" data-id=\"ba0a754\" data-element_type=\"widget\" data-widget_type=\"text-editor.default\">\n\t\t\t\t<div class=\"elementor-widget-container\">\n\t\t\t\t\t\t\t\t\t<p>C<strong>omprimento:<\/strong> 2600 mm<strong>Largura:<\/strong> 27 mm<strong>Altura:<\/strong> 21 mm<\/p>\n<p>A barra de apoio Rustic Oak \u00e9 dimensionada para se adaptar perfeitamente ao Akupanel.<\/p>\n\t\t\t\t\t\t\t\t<\/div>\n\t\t\t\t<\/div>\n\t\t\t\t<\/div>\n\t\t<div class=\"elementor-element elementor-element-4cb65de e-con-full e-flex e-con e-child\" data-id=\"4cb65de\" data-element_type=\"container\">\n\t\t\t\t<div class=\"elementor-element elementor-element-98dd1f7 elementor-widget elementor-widget-image\" data-id=\"98dd1f7\" data-element_type=\"widget\" data-widget_type=\"image.default\">\n\t\t\t\t<div class=\"elementor-widget-container\">\n\t\t\t\t\t\t\t\t\t\t\t\t\t\t\t<img fetchpriority=\"high\" decoding=\"async\" width=\"800\" height=\"409\" src=\"https:\/\/beyond-panel.com\/wp-content\/uploads\/2024\/05\/SketchUp-eindlat-1024x524-1.jpg\" class=\"attachment-large size-large wp-image-2782 wvs-archive-product-image\" alt=\"\" srcset=\"https:\/\/beyond-panel.com\/wp-content\/uploads\/2024\/05\/SketchUp-eindlat-1024x524-1.jpg 1024w, https:\/\/beyond-panel.com\/wp-content\/uploads\/2024\/05\/SketchUp-eindlat-1024x524-1-800x409.jpg 800w, https:\/\/beyond-panel.com\/wp-content\/uploads\/2024\/05\/SketchUp-eindlat-1024x524-1-150x77.jpg 150w, https:\/\/beyond-panel.com\/wp-content\/uploads\/2024\/05\/SketchUp-eindlat-1024x524-1-300x154.jpg 300w, https:\/\/beyond-panel.com\/wp-content\/uploads\/2024\/05\/SketchUp-eindlat-1024x524-1-768x393.jpg 768w\" sizes=\"(max-width: 800px) 100vw, 800px\" \/>\t\t\t\t\t\t\t\t\t\t\t\t\t\t\t<\/div>\n\t\t\t\t<\/div>\n\t\t\t\t<\/div>\n\t\t\t\t\t<\/div>\n\t\t\t\t<\/div>\n\t\t<div class=\"elementor-element elementor-element-3987e5e e-flex e-con-boxed e-con e-parent\" data-id=\"3987e5e\" data-element_type=\"container\">\n\t\t\t\t\t<div class=\"e-con-inner\">\n\t\t\t\t<div class=\"elementor-element elementor-element-d363971 elementor-widget elementor-widget-spacer\" data-id=\"d363971\" data-element_type=\"widget\" data-widget_type=\"spacer.default\">\n\t\t\t\t<div class=\"elementor-widget-container\">\n\t\t\t\t\t\t\t<div class=\"elementor-spacer\">\n\t\t\t<div class=\"elementor-spacer-inner\"><\/div>\n\t\t<\/div>\n\t\t\t\t\t\t<\/div>\n\t\t\t\t<\/div>\n\t\t\t\t\t<\/div>\n\t\t\t\t<\/div>\n\t\t\t\t<\/div>\n\t\t","protected":false},"excerpt":{"rendered":"<p>Esta \u00e9 uma barra de apoio em Carvalho R\u00fastico para todos os Akupanels em Carvalho R\u00fastico. As especifica\u00e7\u00f5es s\u00e3o as seguintes: Comprimento: 2600 mm Largura: 27 mm Altura: 21 mm<\/p>\n","protected":false},"featured_media":2773,"comment_status":"closed","ping_status":"closed","template":"","meta":{"_joinchat":[]},"product_brand":[],"product_cat":[52],"product_tag":[],"class_list":{"0":"post-3279","1":"product","2":"type-product","3":"status-publish","4":"has-post-thumbnail","6":"product_cat-acessorios","8":"first","9":"instock","10":"sale","11":"taxable","12":"shipping-taxable","13":"purchasable","14":"product-type-simple"},"_links":{"self":[{"href":"https:\/\/beyond-panel.com\/pt-pt\/wp-json\/wp\/v2\/product\/3279","targetHints":{"allow":["GET"]}}],"collection":[{"href":"https:\/\/beyond-panel.com\/pt-pt\/wp-json\/wp\/v2\/product"}],"about":[{"href":"https:\/\/beyond-panel.com\/pt-pt\/wp-json\/wp\/v2\/types\/product"}],"replies":[{"embeddable":true,"href":"https:\/\/beyond-panel.com\/pt-pt\/wp-json\/wp\/v2\/comments?post=3279"}],"version-history":[{"count":3,"href":"https:\/\/beyond-panel.com\/pt-pt\/wp-json\/wp\/v2\/product\/3279\/revisions"}],"predecessor-version":[{"id":5127,"href":"https:\/\/beyond-panel.com\/pt-pt\/wp-json\/wp\/v2\/product\/3279\/revisions\/5127"}],"wp:featuredmedia":[{"embeddable":true,"href":"https:\/\/beyond-panel.com\/pt-pt\/wp-json\/wp\/v2\/media\/2773"}],"wp:attachment":[{"href":"https:\/\/beyond-panel.com\/pt-pt\/wp-json\/wp\/v2\/media?parent=3279"}],"wp:term":[{"taxonomy":"product_brand","embeddable":true,"href":"https:\/\/beyond-panel.com\/pt-pt\/wp-json\/wp\/v2\/product_brand?post=3279"},{"taxonomy":"product_cat","embeddable":true,"href":"https:\/\/beyond-panel.com\/pt-pt\/wp-json\/wp\/v2\/product_cat?post=3279"},{"taxonomy":"product_tag","embeddable":true,"href":"https:\/\/beyond-panel.com\/pt-pt\/wp-json\/wp\/v2\/product_tag?post=3279"}],"curies":[{"name":"wp","href":"https:\/\/api.w.org\/{rel}","templated":true}]}}