{"id":3236,"date":"2024-06-13T19:09:36","date_gmt":"2024-06-13T18:09:36","guid":{"rendered":"https:\/\/beyond-panel.com\/producto\/silicone\/"},"modified":"2024-10-16T13:20:30","modified_gmt":"2024-10-16T12:20:30","slug":"silicone","status":"publish","type":"product","link":"https:\/\/beyond-panel.com\/pt-pt\/product\/silicone\/","title":{"rendered":"Pain\u00e9is ac\u00fasticos de silicone"},"content":{"rendered":"\t\t<div data-elementor-type=\"product-post\" data-elementor-id=\"3236\" class=\"elementor elementor-3236 elementor-2408\" data-elementor-post-type=\"product\">\n\t\t\t\t<div class=\"elementor-element elementor-element-8956604 e-flex e-con-boxed e-con e-parent\" data-id=\"8956604\" data-element_type=\"container\">\n\t\t\t\t\t<div class=\"e-con-inner\">\n\t\t\t\t<div class=\"elementor-element elementor-element-d4835ae elementor-widget elementor-widget-text-editor\" data-id=\"d4835ae\" data-element_type=\"widget\" data-widget_type=\"text-editor.default\">\n\t\t\t\t<div class=\"elementor-widget-container\">\n\t\t\t\t\t\t\t\t\t<ul>\n<li>Respeita o ambiente.<\/li>\n<li>Inclui bocal<\/li>\n<li>1 unidade \u00e9 suficiente para 2 pain\u00e9is Aku.<\/li>\n<li>Resist\u00eancia \u00e0 tra\u00e7\u00e3o 2,8 n\/mm2, 280 kg por cent\u00edmetro quadrado.<\/li>\n<li>Suficientemente forte para pendurar pain\u00e9is Aku no teto.<\/li>\n<li>N\u00e3o cont\u00e9m solventes e \u00e9 composto apenas por pol\u00edmeros puros.<\/li>\n<\/ul>\n<p><strong>Adesivo monocomponente de alta qualidade, sem solventes, \u00e0 base de pol\u00edmero MS.<\/strong><\/p>\n<p>Selante de montagem de alta ader\u00eancia especialmente desenvolvido com uma ader\u00eancia inicial extremamente elevada que permite a colagem direta de materiais de constru\u00e7\u00e3o pesados sem ter de os fixar ou apoiar.<\/p>\n<p>Excelente ader\u00eancia sem prim\u00e1rio sobre a maioria dos materiais e substratos, mesmo h\u00famidos, tais como bet\u00e3o, pedra (natural), cer\u00e2mica, gesso, vidro, espelhos, PS, PU, PVC, EPDM, betume, pl\u00e1sticos, poli\u00e9ster, chumbo, cobre, zinco, metais, alum\u00ednio, a\u00e7o inoxid\u00e1vel, madeira, HPL e pain\u00e9is de fibras de cimento, etc. N\u00e3o \u00e9 adequado para PE e PP. Endurece com a humidade, formando uma borracha dur\u00e1vel e permanentemente el\u00e1stica. Totalmente isento de plastificantes, solventes, silicones e isocianatos. Resistente aos raios UV, \u00e0s intemp\u00e9ries, \u00e0 \u00e1gua, \u00e0 humidade, ao bolor e ao envelhecimento. N\u00e3o \u00e9 corrosivo para os metais. Temperatura de processamento de +5 \u00b0C a +40 \u00b0C. Dura\u00e7\u00e3o de conserva\u00e7\u00e3o 18 meses.<\/p>\n<p>C<strong>omo utilizar:<\/strong> Aplica uniformemente as linhas adesivas. Depois, pressiona firmemente ap\u00f3s a instala\u00e7\u00e3o na parede ou no teto.<\/p>\n\t\t\t\t\t\t\t\t<\/div>\n\t\t\t\t<\/div>\n\t\t\t\t\t<\/div>\n\t\t\t\t<\/div>\n\t\t\t\t<\/div>\n\t\t","protected":false},"excerpt":{"rendered":"<p>Selante de alta qualidade, sem solventes, \u00e0 base de pol\u00edmero MS.<\/p>\n","protected":false},"featured_media":2908,"comment_status":"closed","ping_status":"closed","template":"","meta":{"_joinchat":[]},"product_brand":[],"product_cat":[52],"product_tag":[],"class_list":{"0":"post-3236","1":"product","2":"type-product","3":"status-publish","4":"has-post-thumbnail","6":"product_cat-acessorios","8":"first","9":"instock","10":"taxable","11":"shipping-taxable","12":"purchasable","13":"product-type-simple"},"_links":{"self":[{"href":"https:\/\/beyond-panel.com\/pt-pt\/wp-json\/wp\/v2\/product\/3236","targetHints":{"allow":["GET"]}}],"collection":[{"href":"https:\/\/beyond-panel.com\/pt-pt\/wp-json\/wp\/v2\/product"}],"about":[{"href":"https:\/\/beyond-panel.com\/pt-pt\/wp-json\/wp\/v2\/types\/product"}],"replies":[{"embeddable":true,"href":"https:\/\/beyond-panel.com\/pt-pt\/wp-json\/wp\/v2\/comments?post=3236"}],"version-history":[{"count":2,"href":"https:\/\/beyond-panel.com\/pt-pt\/wp-json\/wp\/v2\/product\/3236\/revisions"}],"predecessor-version":[{"id":5151,"href":"https:\/\/beyond-panel.com\/pt-pt\/wp-json\/wp\/v2\/product\/3236\/revisions\/5151"}],"wp:featuredmedia":[{"embeddable":true,"href":"https:\/\/beyond-panel.com\/pt-pt\/wp-json\/wp\/v2\/media\/2908"}],"wp:attachment":[{"href":"https:\/\/beyond-panel.com\/pt-pt\/wp-json\/wp\/v2\/media?parent=3236"}],"wp:term":[{"taxonomy":"product_brand","embeddable":true,"href":"https:\/\/beyond-panel.com\/pt-pt\/wp-json\/wp\/v2\/product_brand?post=3236"},{"taxonomy":"product_cat","embeddable":true,"href":"https:\/\/beyond-panel.com\/pt-pt\/wp-json\/wp\/v2\/product_cat?post=3236"},{"taxonomy":"product_tag","embeddable":true,"href":"https:\/\/beyond-panel.com\/pt-pt\/wp-json\/wp\/v2\/product_tag?post=3236"}],"curies":[{"name":"wp","href":"https:\/\/api.w.org\/{rel}","templated":true}]}}